{"id":131,"date":"2018-02-15T19:14:57","date_gmt":"2018-02-15T19:14:57","guid":{"rendered":"http:\/\/windroesli.ch\/wordp\/?page_id=131"},"modified":"2025-08-14T22:38:16","modified_gmt":"2025-08-14T20:38:16","slug":"apv","status":"publish","type":"page","link":"https:\/\/windroesli.ch\/wordp\/?page_id=131","title":{"rendered":"APV"},"content":{"rendered":"<p>Der APV-Windr\u00f6sli ist ein Ort, wo sich ehemalige\u00a0 &amp; aktive Windr\u00f6sler*innen treffen und gemeinsam lockere Aktivit\u00e4ten unternehmen. Es finden verschiedene Anl\u00e4sse pro Jahr statt. Mehr Informationen zu den g\u00e4ngigen APV-Aktivit\u00e4ten findest du <a href=\"https:\/\/windroesli.ch\/wordp\/?page_id=247\" target=\"_blank\" rel=\"noopener noreferrer\">hier<\/a>. Das Mitteilungsorgan ist das <a href=\"https:\/\/windroesli.ch\/wordp\/?page_id=271\" target=\"_blank\" rel=\"noopener noreferrer\">TREU<\/a>.<\/p>\n<p><strong>Pr\u00e4sident: <\/strong>Vincent Geiser-K\u00e4ppeli v\/o Flegu<\/p>\n<p>F\u00fcr <strong>Adress\u00e4nderungen<\/strong>: Michael Allemann v\/o Fr\u00f6sch<\/p>\n","protected":false},"excerpt":{"rendered":"<p>Der APV-Windr\u00f6sli ist ein Ort, wo sich ehemalige\u00a0 &amp; aktive Windr\u00f6sler*innen treffen und gemeinsam lockere Aktivit\u00e4ten unternehmen. Es finden verschiedene Anl\u00e4sse pro Jahr statt. Mehr Informationen zu den g\u00e4ngigen APV-Aktivit\u00e4ten findest du hier. Das Mitteilungsorgan ist das TREU. Pr\u00e4sident: Vincent&hellip;&nbsp;<a href=\"https:\/\/windroesli.ch\/wordp\/?page_id=131\" class=\"more-link\">Weiter lesen<\/a><\/p>\n","protected":false},"author":3,"featured_media":0,"parent":0,"menu_order":0,"comment_status":"closed","ping_status":"closed","template":"","meta":{"footnotes":""},"class_list":["post-131","page","type-page","status-publish","hentry"],"_links":{"self":[{"href":"https:\/\/windroesli.ch\/wordp\/index.php?rest_route=\/wp\/v2\/pages\/131","targetHints":{"allow":["GET"]}}],"collection":[{"href":"https:\/\/windroesli.ch\/wordp\/index.php?rest_route=\/wp\/v2\/pages"}],"about":[{"href":"https:\/\/windroesli.ch\/wordp\/index.php?rest_route=\/wp\/v2\/types\/page"}],"author":[{"embeddable":true,"href":"https:\/\/windroesli.ch\/wordp\/index.php?rest_route=\/wp\/v2\/users\/3"}],"replies":[{"embeddable":true,"href":"https:\/\/windroesli.ch\/wordp\/index.php?rest_route=%2Fwp%2Fv2%2Fcomments&post=131"}],"version-history":[{"count":7,"href":"https:\/\/windroesli.ch\/wordp\/index.php?rest_route=\/wp\/v2\/pages\/131\/revisions"}],"predecessor-version":[{"id":1550,"href":"https:\/\/windroesli.ch\/wordp\/index.php?rest_route=\/wp\/v2\/pages\/131\/revisions\/1550"}],"wp:attachment":[{"href":"https:\/\/windroesli.ch\/wordp\/index.php?rest_route=%2Fwp%2Fv2%2Fmedia&parent=131"}],"curies":[{"name":"wp","href":"https:\/\/api.w.org\/{rel}","templated":true}]}}