{"id":58,"date":"2018-02-15T18:29:01","date_gmt":"2018-02-15T18:29:01","guid":{"rendered":"http:\/\/windroesli.ch\/wordp\/?page_id=58"},"modified":"2022-10-31T13:31:35","modified_gmt":"2022-10-31T12:31:35","slug":"leitbild-der-pfadi","status":"publish","type":"page","link":"https:\/\/windroesli.ch\/wordp\/?page_id=58","title":{"rendered":"Leitbild der Pfadi"},"content":{"rendered":"<h1>Grundgedanken<\/h1>\n<p>Einigen Grundgedanken ist die Pfadibewegung seit ihrer Gr\u00fcndung treu geblieben. Mittlerweile sind sie so selbstverst\u00e4ndlich geworden, dass sie kaum mehr bewusst wahrgenommen werden. Gerade deswegen lohnt sich eine kurze Auflistung.<\/p>\n<h2>Ehrenamtlichkeit<\/h2>\n<p>Ob Leitungsteams, Helfer*innen oder Materialverantwortliche: Die ganze Arbeit findet ehrenamtlich statt. Dies macht die Pfadi nicht nur zur Herzensangelegenheit, sondern erm\u00f6glicht dank niederen Mitgliederbeitr\u00e4gen auch allen interessierten Kindern und Jugendlichen den Eintritt.<\/p>\n<h2>Jugend leitet Jugend<\/h2>\n<p>Es sind oft selbst Jugendliche oder junge Erwachsene, welche den Pfadialltag selbstst\u00e4ndig organisieren. Sie haben einen guten Bezug zu den Teilnehmenden und besuchen regelm\u00e4ssig Ausbildungskurse, um die Qualit\u00e4t ihrer Arbeit zu sichern.<\/p>\n<h2>Struktur statt Hierarchie<\/h2>\n<p>Ein k\u00fcnstliches Machtgef\u00e4lle soll verhindert werden. Leitpersonen haben spezifische Aufgaben. Doch niemand hat das Recht, unbegr\u00fcndet Befehle zu erteilen. Vielmehr soll ein stetiger Dialog herrschen.<\/p>\n<h2>Unabh\u00e4ngigkeit<\/h2>\n<p>Die Pfadi geht keine konkreten wirtschaftlichen, religi\u00f6sen oder politischen Verpflichtungen ein. In erster Linie ist die Pfadibewegung sich selbst und ihren eigenen Grunds\u00e4tzen verpflichtet. Dies soll nicht heissen, dass die oben genannten Aspekte aus dem Pfadialltag ausgeklammert werden.<\/p>\n<h2>Internationalit\u00e4t<\/h2>\n<p>Die Pfadi ist eine weltweite Bewegung, welche Grenzen \u00fcberwinden soll. Kultureller Austausch und Toleranz sind wichtige Kernelemente der Pfadibewegung.<\/p>\n<h2>Lokalit\u00e4t<\/h2>\n<p>Dennoch sind die einzelnen Pfadigruppen lokal verankert und geniessen grosse Autonomit\u00e4t. Die Leitpersonen gestalten Aktivit\u00e4ten, Normen und Rituale ihrer Gruppe selbst.<\/p>\n<h2>Gleichberechtigung<\/h2>\n<p>Alle Teilnehmenden sind gleichberechtigt. Ein sozialer Hintergrund spielt keine Rolle. Jedes Mitglied ist ein Teil der Gruppe und soll seine Anliegen einbringen. Alle d\u00fcrfen sich untereinander mit Vornamen ansprechen.<\/p>\n<h2>Learning by doing<\/h2>\n<p>Die Kinder und Jugendlichen sollen praktische Erfahrungen sammeln, Dinge selbst versuchen und durch ihre Erfolge oder Misserfolge Erfahrung sammeln.<\/p>\n<p>Quelle: <a href=\"http:\/\/www5.scout.ch\/de\/das-ist-pfadi\/paedagogisches\/grundgedanken\">PBS<\/a><\/p>\n","protected":false},"excerpt":{"rendered":"<p>Grundgedanken Einigen Grundgedanken ist die Pfadibewegung seit ihrer Gr\u00fcndung treu geblieben. Mittlerweile sind sie so selbstverst\u00e4ndlich geworden, dass sie kaum mehr bewusst wahrgenommen werden. Gerade deswegen lohnt sich eine kurze Auflistung. Ehrenamtlichkeit Ob Leitungsteams, Helfer*innen oder Materialverantwortliche: Die ganze Arbeit&hellip;&nbsp;<a href=\"https:\/\/windroesli.ch\/wordp\/?page_id=58\" class=\"more-link\">Weiter lesen<\/a><\/p>\n","protected":false},"author":3,"featured_media":0,"parent":0,"menu_order":0,"comment_status":"closed","ping_status":"closed","template":"","meta":{"footnotes":""},"class_list":["post-58","page","type-page","status-publish","hentry"],"_links":{"self":[{"href":"https:\/\/windroesli.ch\/wordp\/index.php?rest_route=\/wp\/v2\/pages\/58","targetHints":{"allow":["GET"]}}],"collection":[{"href":"https:\/\/windroesli.ch\/wordp\/index.php?rest_route=\/wp\/v2\/pages"}],"about":[{"href":"https:\/\/windroesli.ch\/wordp\/index.php?rest_route=\/wp\/v2\/types\/page"}],"author":[{"embeddable":true,"href":"https:\/\/windroesli.ch\/wordp\/index.php?rest_route=\/wp\/v2\/users\/3"}],"replies":[{"embeddable":true,"href":"https:\/\/windroesli.ch\/wordp\/index.php?rest_route=%2Fwp%2Fv2%2Fcomments&post=58"}],"version-history":[{"count":2,"href":"https:\/\/windroesli.ch\/wordp\/index.php?rest_route=\/wp\/v2\/pages\/58\/revisions"}],"predecessor-version":[{"id":1346,"href":"https:\/\/windroesli.ch\/wordp\/index.php?rest_route=\/wp\/v2\/pages\/58\/revisions\/1346"}],"wp:attachment":[{"href":"https:\/\/windroesli.ch\/wordp\/index.php?rest_route=%2Fwp%2Fv2%2Fmedia&parent=58"}],"curies":[{"name":"wp","href":"https:\/\/api.w.org\/{rel}","templated":true}]}}