{"id":62,"date":"2018-02-15T18:30:05","date_gmt":"2018-02-15T18:30:05","guid":{"rendered":"http:\/\/windroesli.ch\/wordp\/?page_id=62"},"modified":"2025-08-14T15:31:08","modified_gmt":"2025-08-14T13:31:08","slug":"sekretariat-pfadi-windroesli","status":"publish","type":"page","link":"https:\/\/windroesli.ch\/wordp\/?page_id=62","title":{"rendered":"Sekretariat Pfadi Windr\u00f6sli"},"content":{"rendered":"<p><strong>Aufgabenbereich:<\/strong><\/p>\n<p>Das Sekretariat der Pfadi Windr\u00f6sli steht der Corpsleitung zur Seite, um diese vom administrativen Aufwand zu entlasten. Buchhaltung, Budget, Korrespondenz, Organisation von Material, Versand von Informationen und Einladungen, Kontakte mit den Dachverb\u00e4nden usw. geh\u00f6ren zu den Hauptt\u00e4tigkeiten. Der*die Corpssekret\u00e4r*in wird vom Dekanat der Gesamtkirchgemeinde Bern und Umgebung im Rahmen einer 20%-Stelle angestellt.<\/p>\n<p><strong>Kontaktadresse:<\/strong><\/p>\n<p><strong>Scout Windr\u00f6sli<\/strong><\/p>\n<p>Simona Berlinger \/ Diana<br \/>\nSekretariat<br \/>\nMittelstrasse 6A<br \/>\n3012 Bern<\/p>\n<p><a href=\"mailto:sekretariat@windroesli.ch\">sekretariat@windroesli.ch<\/a><\/p>\n","protected":false},"excerpt":{"rendered":"<p>Aufgabenbereich: Das Sekretariat der Pfadi Windr\u00f6sli steht der Corpsleitung zur Seite, um diese vom administrativen Aufwand zu entlasten. Buchhaltung, Budget, Korrespondenz, Organisation von Material, Versand von Informationen und Einladungen, Kontakte mit den Dachverb\u00e4nden usw. geh\u00f6ren zu den Hauptt\u00e4tigkeiten. Der*die Corpssekret\u00e4r*in&hellip;&nbsp;<a href=\"https:\/\/windroesli.ch\/wordp\/?page_id=62\" class=\"more-link\">Weiter lesen<\/a><\/p>\n","protected":false},"author":3,"featured_media":0,"parent":0,"menu_order":0,"comment_status":"closed","ping_status":"closed","template":"","meta":{"footnotes":""},"class_list":["post-62","page","type-page","status-publish","hentry"],"_links":{"self":[{"href":"https:\/\/windroesli.ch\/wordp\/index.php?rest_route=\/wp\/v2\/pages\/62","targetHints":{"allow":["GET"]}}],"collection":[{"href":"https:\/\/windroesli.ch\/wordp\/index.php?rest_route=\/wp\/v2\/pages"}],"about":[{"href":"https:\/\/windroesli.ch\/wordp\/index.php?rest_route=\/wp\/v2\/types\/page"}],"author":[{"embeddable":true,"href":"https:\/\/windroesli.ch\/wordp\/index.php?rest_route=\/wp\/v2\/users\/3"}],"replies":[{"embeddable":true,"href":"https:\/\/windroesli.ch\/wordp\/index.php?rest_route=%2Fwp%2Fv2%2Fcomments&post=62"}],"version-history":[{"count":4,"href":"https:\/\/windroesli.ch\/wordp\/index.php?rest_route=\/wp\/v2\/pages\/62\/revisions"}],"predecessor-version":[{"id":1535,"href":"https:\/\/windroesli.ch\/wordp\/index.php?rest_route=\/wp\/v2\/pages\/62\/revisions\/1535"}],"wp:attachment":[{"href":"https:\/\/windroesli.ch\/wordp\/index.php?rest_route=%2Fwp%2Fv2%2Fmedia&parent=62"}],"curies":[{"name":"wp","href":"https:\/\/api.w.org\/{rel}","templated":true}]}}