{"id":64,"date":"2018-02-15T18:30:40","date_gmt":"2018-02-15T18:30:40","guid":{"rendered":"http:\/\/windroesli.ch\/wordp\/?page_id=64"},"modified":"2018-02-15T23:44:49","modified_gmt":"2018-02-15T22:44:49","slug":"wi-rat","status":"publish","type":"page","link":"https:\/\/windroesli.ch\/wordp\/?page_id=64","title":{"rendered":"Wi-Rat"},"content":{"rendered":"<p>Der WI-Rat hat sich folgende Ziele gesteckt:<\/p>\n<ul>\n<li>Unterst\u00fctzung des Corps Windr\u00f6sli in organisatorischen Angelegenheiten.<\/li>\n<li>Bindeglied zwischen Aktiven, APV (Alt-Pfadfinder-Verein des Windr\u00f6sli Bern) und Heimverein.<\/li>\n<\/ul>\n<p>F\u00fcr Anregungen, Kritiken, Fragen stehen wir gerne zur Verf\u00fcgung:<\/p>\n<p>Aktuelle Adresse &#8230;.<\/p>\n","protected":false},"excerpt":{"rendered":"<p>Der WI-Rat hat sich folgende Ziele gesteckt: Unterst\u00fctzung des Corps Windr\u00f6sli in organisatorischen Angelegenheiten. Bindeglied zwischen Aktiven, APV (Alt-Pfadfinder-Verein des Windr\u00f6sli Bern) und Heimverein. F\u00fcr Anregungen, Kritiken, Fragen stehen wir gerne zur Verf\u00fcgung: Aktuelle Adresse &#8230;.<\/p>\n","protected":false},"author":3,"featured_media":0,"parent":0,"menu_order":0,"comment_status":"closed","ping_status":"closed","template":"","meta":{"footnotes":""},"class_list":["post-64","page","type-page","status-publish","hentry"],"_links":{"self":[{"href":"https:\/\/windroesli.ch\/wordp\/index.php?rest_route=\/wp\/v2\/pages\/64","targetHints":{"allow":["GET"]}}],"collection":[{"href":"https:\/\/windroesli.ch\/wordp\/index.php?rest_route=\/wp\/v2\/pages"}],"about":[{"href":"https:\/\/windroesli.ch\/wordp\/index.php?rest_route=\/wp\/v2\/types\/page"}],"author":[{"embeddable":true,"href":"https:\/\/windroesli.ch\/wordp\/index.php?rest_route=\/wp\/v2\/users\/3"}],"replies":[{"embeddable":true,"href":"https:\/\/windroesli.ch\/wordp\/index.php?rest_route=%2Fwp%2Fv2%2Fcomments&post=64"}],"version-history":[{"count":2,"href":"https:\/\/windroesli.ch\/wordp\/index.php?rest_route=\/wp\/v2\/pages\/64\/revisions"}],"predecessor-version":[{"id":308,"href":"https:\/\/windroesli.ch\/wordp\/index.php?rest_route=\/wp\/v2\/pages\/64\/revisions\/308"}],"wp:attachment":[{"href":"https:\/\/windroesli.ch\/wordp\/index.php?rest_route=%2Fwp%2Fv2%2Fmedia&parent=64"}],"curies":[{"name":"wp","href":"https:\/\/api.w.org\/{rel}","templated":true}]}}