{"id":66,"date":"2018-02-15T18:56:38","date_gmt":"2018-02-15T18:56:38","guid":{"rendered":"http:\/\/windroesli.ch\/wordp\/?page_id=66"},"modified":"2022-10-31T13:20:44","modified_gmt":"2022-10-31T12:20:44","slug":"abteilung-schwarzenburg","status":"publish","type":"page","link":"https:\/\/windroesli.ch\/wordp\/?page_id=66","title":{"rendered":"Abteilung Schwarzenburg"},"content":{"rendered":"<p><img loading=\"lazy\" decoding=\"async\" class=\"aligncenter wp-image-239 size-medium\" src=\"http:\/\/windroesli.ch\/wordp\/wp-content\/uploads\/2018\/02\/Schwarzenburglogo1-300x296.png\" alt=\"\" width=\"300\" height=\"296\" srcset=\"https:\/\/windroesli.ch\/wordp\/wp-content\/uploads\/2018\/02\/Schwarzenburglogo1-300x296.png 300w, https:\/\/windroesli.ch\/wordp\/wp-content\/uploads\/2018\/02\/Schwarzenburglogo1-100x100.png 100w, https:\/\/windroesli.ch\/wordp\/wp-content\/uploads\/2018\/02\/Schwarzenburglogo1.png 505w\" sizes=\"auto, (max-width: 300px) 100vw, 300px\" \/><\/p>\n<p>Im Schwarzenburgerland wurde 1992 die Pfadi Schwarzenburg gegr\u00fcndet. Sie ist im Vergleich eine sehr junge Abteilung im Corps Windr\u00f6sli. Unsere Leiter*innen wollen den Kindern und Jugendlichen das erm\u00f6glichen, was ihnen w\u00e4hrend Jahren unz\u00e4hlige Erlebnisse und Freundschaft gebracht hat: es heisst Pfadi. Das Pfadiheim befindet sich in der P\u00f6schen neben dem Sportplatz.<\/p>\n<p>Falls wir Ihr Interesse geweckt haben und Sie mit uns ausf\u00fchrlich \u00fcber die Pfadi diskutieren m\u00f6chten, wenden Sie sich an folgende Kontaktadresse:<\/p>\n<p>Benjamin L\u00e4derach \/ Tschippo<br \/>\nEveline Binggeli \/ Smile<br \/>\n<a href=\"mailto:info@pfadi-schwarzenburg.ch\">info@pfadi-schwarzenburg.ch<\/a><\/p>\n<p>Weitere Informationen \u00fcber die Abteilung Schwarzenburg findet man unter:<br \/>\n<a href=\"http:\/\/www.pfadi-schwarzenburg.ch\/\" target=\"_blank\" rel=\"noopener\">Homepage Pfadi Schwarzenburg<\/a><\/p>\n","protected":false},"excerpt":{"rendered":"<p>Im Schwarzenburgerland wurde 1992 die Pfadi Schwarzenburg gegr\u00fcndet. Sie ist im Vergleich eine sehr junge Abteilung im Corps Windr\u00f6sli. Unsere Leiter*innen wollen den Kindern und Jugendlichen das erm\u00f6glichen, was ihnen w\u00e4hrend Jahren unz\u00e4hlige Erlebnisse und Freundschaft gebracht hat: es heisst&hellip;&nbsp;<a href=\"https:\/\/windroesli.ch\/wordp\/?page_id=66\" class=\"more-link\">Weiter lesen<\/a><\/p>\n","protected":false},"author":3,"featured_media":0,"parent":0,"menu_order":0,"comment_status":"closed","ping_status":"closed","template":"","meta":{"footnotes":""},"class_list":["post-66","page","type-page","status-publish","hentry"],"_links":{"self":[{"href":"https:\/\/windroesli.ch\/wordp\/index.php?rest_route=\/wp\/v2\/pages\/66","targetHints":{"allow":["GET"]}}],"collection":[{"href":"https:\/\/windroesli.ch\/wordp\/index.php?rest_route=\/wp\/v2\/pages"}],"about":[{"href":"https:\/\/windroesli.ch\/wordp\/index.php?rest_route=\/wp\/v2\/types\/page"}],"author":[{"embeddable":true,"href":"https:\/\/windroesli.ch\/wordp\/index.php?rest_route=\/wp\/v2\/users\/3"}],"replies":[{"embeddable":true,"href":"https:\/\/windroesli.ch\/wordp\/index.php?rest_route=%2Fwp%2Fv2%2Fcomments&post=66"}],"version-history":[{"count":7,"href":"https:\/\/windroesli.ch\/wordp\/index.php?rest_route=\/wp\/v2\/pages\/66\/revisions"}],"predecessor-version":[{"id":1333,"href":"https:\/\/windroesli.ch\/wordp\/index.php?rest_route=\/wp\/v2\/pages\/66\/revisions\/1333"}],"wp:attachment":[{"href":"https:\/\/windroesli.ch\/wordp\/index.php?rest_route=%2Fwp%2Fv2%2Fmedia&parent=66"}],"curies":[{"name":"wp","href":"https:\/\/api.w.org\/{rel}","templated":true}]}}