{"id":70,"date":"2018-02-15T18:32:23","date_gmt":"2018-02-15T18:32:23","guid":{"rendered":"http:\/\/windroesli.ch\/wordp\/?page_id=70"},"modified":"2022-10-31T13:22:22","modified_gmt":"2022-10-31T12:22:22","slug":"abteilung-st-josef","status":"publish","type":"page","link":"https:\/\/windroesli.ch\/wordp\/?page_id=70","title":{"rendered":"Abteilung St. Josef"},"content":{"rendered":"<h1><img loading=\"lazy\" decoding=\"async\" class=\"wp-image-652 size-medium aligncenter\" src=\"http:\/\/windroesli.ch\/wordp\/wp-content\/uploads\/2018\/03\/PFAD_Homepage_Grafiken_JosefPfadilogoNeu_Fly_2017_01_01-300x282.png\" alt=\"\" width=\"300\" height=\"282\" srcset=\"https:\/\/windroesli.ch\/wordp\/wp-content\/uploads\/2018\/03\/PFAD_Homepage_Grafiken_JosefPfadilogoNeu_Fly_2017_01_01-300x282.png 300w, https:\/\/windroesli.ch\/wordp\/wp-content\/uploads\/2018\/03\/PFAD_Homepage_Grafiken_JosefPfadilogoNeu_Fly_2017_01_01-768x721.png 768w, https:\/\/windroesli.ch\/wordp\/wp-content\/uploads\/2018\/03\/PFAD_Homepage_Grafiken_JosefPfadilogoNeu_Fly_2017_01_01-1024x961.png 1024w, https:\/\/windroesli.ch\/wordp\/wp-content\/uploads\/2018\/03\/PFAD_Homepage_Grafiken_JosefPfadilogoNeu_Fly_2017_01_01-288x270.png 288w\" sizes=\"auto, (max-width: 300px) 100vw, 300px\" \/><\/h1>\n<p class=\"MsoNormal\">Pfadi St. Josef, die famili\u00e4re Pfadi K\u00f6niz<\/p>\n<p class=\"MsoNormal\" style=\"text-align: right;\">Postadresse: Pfadi St. Josef, Stapfenstrasse 25, 3098 K\u00f6niz<br \/>\nMail der Abteilungsleitung: <a href=\"mailto:al@pfadi-stjosef.ch\">al@pfadi-stjosef.ch<\/a><br \/>\nWeitere Infos unter: <a href=\"http:\/\/www.pfadi-stjosef.ch\/\">www.pfadi-stjosef.ch<\/a><\/p>\n<p class=\"MsoNormal\"><span lang=\"DE-CH\">Seit der Gr\u00fcndung unseres Vereins, 1979 als Mitglied des Corps Windr\u00f6sli, achten wir nicht nur auf viel Spass und Abwechslung, sondern auch auf einen famili\u00e4ren Umgang. Famili\u00e4r deshalb, weil es nicht nur organisatorische Vorteile mit sich bringt, alle beim Namen zu kennen, viel mehr bereiten Anl\u00e4sse unter Freund*innen mehr Freude, als unter v\u00f6llig Fremden.<\/span><\/p>\n<p class=\"MsoNormal\"><span lang=\"DE-CH\">Unsere Teilnehmer*innen treffen sich an etwa drei Samstagnachmittagen im Monat zu einer Aktivit\u00e4t, welche von 14:00 bis 16:45 dauert. Das Programm bietet dabei jede Menge Spass und Abenteuer, stets in eine Hintergrundgeschichte verpackt und l\u00e4dt zum mitspielen und \u2013erleben ein. Wir verbringen viel Zeit im Freien und unternehmen dabei Schnitzeljagden, veranstalten Gel\u00e4ndespiele, gehen baden und vieles mehr. Zudem finden jedes Jahr spezielle Anl\u00e4sse statt, die ganz besondere Highlights sind. Schlitteltag, Waldweihnachten und Movie-Day sind nur einige von vielen. Doch die absoluten H\u00f6hepunkte stellen unsere beiden Lager an Pfingsten und w\u00e4hrend zwei (bei den W\u00f6lfen einer) Woche in den Sommerferien dar. Diese verbringen die Pfader*innen zeltend und unsere W\u00f6lfe in einem sch\u00f6nen Lagerhaus.<\/span><\/p>\n<p class=\"MsoNormal\"><span lang=\"DE-CH\">Unser ausgebildetes Leitungsteam sorgt dabei auch f\u00fcr die individuelle Entwicklung jedes*r Teilnehmer*in. Zwar lernen wir keine ausgefallenen Karate-Kicks, daf\u00fcr aber bieten wir ein altersgerechtes Programm mit Spiel und Sport, typischerweise draussen in der Natur. Dabei lernen die Teilnehmenden vor allem Verantwortung f\u00fcr sich, aber auch f\u00fcr andere, zu \u00fcbernehmen und ihren Beitrag f\u00fcr ein fr\u00f6hliches Zusammensein zu leisten. Denn egal wie engagiert wir Leitpersonen auch sind, ohne unsere tollen Pfader*innen und W\u00f6lfe h\u00e4tten wir es nicht halb so lustig.<\/span><\/p>\n<p class=\"MsoNormal\">\u00a0<span lang=\"DE-CH\">Falls auch du Lust hast, bei uns mitzumachen, melde dich bei unserer Abteilungsleitung oder schaue an einem Pfadinachmittag vorbei. Informationen daf\u00fcr findest du in unseren Anschlagkasten beim Pfarreizentrum Stapfen oder unter <a href=\"http:\/\/www.pfadi-stjosef.ch\">www.pfadi-stjosef.ch<\/a> .<\/span><\/p>\n<p class=\"MsoNormal\" style=\"text-align: center;\">\u00a0Wir freuen uns auf dich!<\/p>\n","protected":false},"excerpt":{"rendered":"<p>Pfadi St. Josef, die famili\u00e4re Pfadi K\u00f6niz Postadresse: Pfadi St. Josef, Stapfenstrasse 25, 3098 K\u00f6niz Mail der Abteilungsleitung: al@pfadi-stjosef.ch Weitere Infos unter: www.pfadi-stjosef.ch Seit der Gr\u00fcndung unseres Vereins, 1979 als Mitglied des Corps Windr\u00f6sli, achten wir nicht nur auf viel&hellip;&nbsp;<a href=\"https:\/\/windroesli.ch\/wordp\/?page_id=70\" class=\"more-link\">Weiter lesen<\/a><\/p>\n","protected":false},"author":3,"featured_media":0,"parent":0,"menu_order":0,"comment_status":"closed","ping_status":"closed","template":"","meta":{"footnotes":""},"class_list":["post-70","page","type-page","status-publish","hentry"],"_links":{"self":[{"href":"https:\/\/windroesli.ch\/wordp\/index.php?rest_route=\/wp\/v2\/pages\/70","targetHints":{"allow":["GET"]}}],"collection":[{"href":"https:\/\/windroesli.ch\/wordp\/index.php?rest_route=\/wp\/v2\/pages"}],"about":[{"href":"https:\/\/windroesli.ch\/wordp\/index.php?rest_route=\/wp\/v2\/types\/page"}],"author":[{"embeddable":true,"href":"https:\/\/windroesli.ch\/wordp\/index.php?rest_route=\/wp\/v2\/users\/3"}],"replies":[{"embeddable":true,"href":"https:\/\/windroesli.ch\/wordp\/index.php?rest_route=%2Fwp%2Fv2%2Fcomments&post=70"}],"version-history":[{"count":7,"href":"https:\/\/windroesli.ch\/wordp\/index.php?rest_route=\/wp\/v2\/pages\/70\/revisions"}],"predecessor-version":[{"id":1335,"href":"https:\/\/windroesli.ch\/wordp\/index.php?rest_route=\/wp\/v2\/pages\/70\/revisions\/1335"}],"wp:attachment":[{"href":"https:\/\/windroesli.ch\/wordp\/index.php?rest_route=%2Fwp%2Fv2%2Fmedia&parent=70"}],"curies":[{"name":"wp","href":"https:\/\/api.w.org\/{rel}","templated":true}]}}