{"id":72,"date":"2018-02-15T18:32:42","date_gmt":"2018-02-15T18:32:42","guid":{"rendered":"http:\/\/windroesli.ch\/wordp\/?page_id=72"},"modified":"2018-03-06T10:47:51","modified_gmt":"2018-03-06T09:47:51","slug":"abteilung-st-franziskus","status":"publish","type":"page","link":"https:\/\/windroesli.ch\/wordp\/?page_id=72","title":{"rendered":"Abteilung Frisco"},"content":{"rendered":"<h1><img loading=\"lazy\" decoding=\"async\" class=\"size-full wp-image-236 aligncenter\" src=\"http:\/\/windroesli.ch\/wordp\/wp-content\/uploads\/2018\/02\/Pfadifrsico-Logo-100px-Hoch.png\" alt=\"\" width=\"259\" height=\"100\" \/><\/h1>\n<p align=\"left\">Wenn junge Leute untereinander etwas organisieren, das unerh\u00f6rt aufregend, spannend, spassig, scheinbar unm\u00f6glich und ausserordentlich erfahrungsreich ist, wenn dabei gewisse Spielregeln und Grunds\u00e4tze eingehalten werden und wenn eine Uniform getragen wird, so nennt sich das Pfadi. Bei allen unseren T\u00e4tigkeiten hat die Natur, die Pfaditechnik, die Einfachheit und das Zusammensein einen sehr hohen Stellenwert.<\/p>\n<p>\u00dcblicherweise findet jeden Samstagnachmittag ein Anlass statt. Diese k\u00f6nnen in kleinen Gruppen, sogenannten F\u00e4hnli beziehungsweise Meuten oder gemeinsam durchgef\u00fchrt werden. Allj\u00e4hrlich gr\u00f6ssere Anl\u00e4sse sind zum Beispiel das Sommerlager, das Pfingstlager, der Sporttag, der Windr\u00f6slitag, der Lagerr\u00fcckblick und viele andere!<\/p>\n<p align=\"center\">Weitere Informationen \u00fcber die Abteilung St. Franziskus findet man unter:<br \/>\n<a title=\"Homepage Pfadi Frisco\" href=\"http:\/\/www.pfadifrisco.ch\/\" target=\"_blank\" rel=\"noopener\">Homepage Frisco<\/a><\/p>\n","protected":false},"excerpt":{"rendered":"<p>Wenn junge Leute untereinander etwas organisieren, das unerh\u00f6rt aufregend, spannend, spassig, scheinbar unm\u00f6glich und ausserordentlich erfahrungsreich ist, wenn dabei gewisse Spielregeln und Grunds\u00e4tze eingehalten werden und wenn eine Uniform getragen wird, so nennt sich das Pfadi. Bei allen unseren T\u00e4tigkeiten&hellip;&nbsp;<a href=\"https:\/\/windroesli.ch\/wordp\/?page_id=72\" class=\"more-link\">Weiter lesen<\/a><\/p>\n","protected":false},"author":3,"featured_media":0,"parent":0,"menu_order":0,"comment_status":"closed","ping_status":"closed","template":"","meta":{"footnotes":""},"class_list":["post-72","page","type-page","status-publish","hentry"],"_links":{"self":[{"href":"https:\/\/windroesli.ch\/wordp\/index.php?rest_route=\/wp\/v2\/pages\/72","targetHints":{"allow":["GET"]}}],"collection":[{"href":"https:\/\/windroesli.ch\/wordp\/index.php?rest_route=\/wp\/v2\/pages"}],"about":[{"href":"https:\/\/windroesli.ch\/wordp\/index.php?rest_route=\/wp\/v2\/types\/page"}],"author":[{"embeddable":true,"href":"https:\/\/windroesli.ch\/wordp\/index.php?rest_route=\/wp\/v2\/users\/3"}],"replies":[{"embeddable":true,"href":"https:\/\/windroesli.ch\/wordp\/index.php?rest_route=%2Fwp%2Fv2%2Fcomments&post=72"}],"version-history":[{"count":5,"href":"https:\/\/windroesli.ch\/wordp\/index.php?rest_route=\/wp\/v2\/pages\/72\/revisions"}],"predecessor-version":[{"id":657,"href":"https:\/\/windroesli.ch\/wordp\/index.php?rest_route=\/wp\/v2\/pages\/72\/revisions\/657"}],"wp:attachment":[{"href":"https:\/\/windroesli.ch\/wordp\/index.php?rest_route=%2Fwp%2Fv2%2Fmedia&parent=72"}],"curies":[{"name":"wp","href":"https:\/\/api.w.org\/{rel}","templated":true}]}}