{"id":74,"date":"2018-02-15T18:34:02","date_gmt":"2018-02-15T18:34:02","guid":{"rendered":"http:\/\/windroesli.ch\/wordp\/?page_id=74"},"modified":"2022-10-31T13:34:23","modified_gmt":"2022-10-31T12:34:23","slug":"pfadiheim-rebacher","status":"publish","type":"page","link":"https:\/\/windroesli.ch\/wordp\/?page_id=74","title":{"rendered":"Pfadiheim Rebacher"},"content":{"rendered":"<p><img loading=\"lazy\" decoding=\"async\" class=\"alignleft wp-image-238 size-medium\" src=\"http:\/\/windroesli.ch\/wordp\/wp-content\/uploads\/2018\/02\/rebacher-300x225.jpg\" alt=\"\" width=\"300\" height=\"225\" srcset=\"https:\/\/windroesli.ch\/wordp\/wp-content\/uploads\/2018\/02\/rebacher-300x225.jpg 300w, https:\/\/windroesli.ch\/wordp\/wp-content\/uploads\/2018\/02\/rebacher.jpg 571w\" sizes=\"auto, (max-width: 300px) 100vw, 300px\" \/><br \/>\nPfadiheim Windr\u00f6sli<br \/>\nRebacher 2<br \/>\n3178 B\u00f6singen<\/p>\n<p class=\"MsoNormal\"><span lang=\"DE-CH\">Das Pfadiheim liegt oberhalb B\u00f6singen an sch\u00f6ner Lage am Waldrand. Seit \u00fcber 50 Jahren dient es dem Corps Windr\u00f6sli Bern als Lager und Ausbildungszentrum. Das ger\u00e4umige Bauernhaus ist jedoch nicht nur in der Pfadi sehr beliebt: Auch Schulen, Vereine, kirchliche und weltliche Beh\u00f6rden wie auch gemeinn\u00fctzige Institutionen sch\u00e4tzen das Haus als Treffpunkt f\u00fcr Landschulwochen, Kurse, Sitzungen oder Ferien.<\/span><\/p>\n<p class=\"MsoNormal\"><span lang=\"DE-CH\">Das Heim bietet Platz f\u00fcr ca. 33 Personen.<\/span><\/p>\n<p class=\"MsoNormal\"><span lang=\"DE-CH\">Mehr Infos findest du unter: <\/span><a href=\"http:\/\/www.pfadiheimrebacher.ch\/\">Heiminformationen<\/a><\/p>\n<p class=\"MsoNormal\"><span lang=\"DE-CH\">F\u00fcr Fragen und Reservationen steht dir die folgende Mailadresse zur Verf\u00fcgung:<\/span><\/p>\n<p class=\"MsoNormal\" style=\"text-align: center;\"><span lang=\"DE-CH\"><a href=\"mailto:kontakt@pfadiheimrebacher.ch\">kontakt@pfadiheimrebacher.ch<\/a><\/span><\/p>\n","protected":false},"excerpt":{"rendered":"<p>Pfadiheim Windr\u00f6sli Rebacher 2 3178 B\u00f6singen Das Pfadiheim liegt oberhalb B\u00f6singen an sch\u00f6ner Lage am Waldrand. Seit \u00fcber 50 Jahren dient es dem Corps Windr\u00f6sli Bern als Lager und Ausbildungszentrum. Das ger\u00e4umige Bauernhaus ist jedoch nicht nur in der Pfadi&hellip;&nbsp;<a href=\"https:\/\/windroesli.ch\/wordp\/?page_id=74\" class=\"more-link\">Weiter lesen<\/a><\/p>\n","protected":false},"author":3,"featured_media":0,"parent":0,"menu_order":0,"comment_status":"closed","ping_status":"closed","template":"","meta":{"footnotes":""},"class_list":["post-74","page","type-page","status-publish","hentry"],"_links":{"self":[{"href":"https:\/\/windroesli.ch\/wordp\/index.php?rest_route=\/wp\/v2\/pages\/74","targetHints":{"allow":["GET"]}}],"collection":[{"href":"https:\/\/windroesli.ch\/wordp\/index.php?rest_route=\/wp\/v2\/pages"}],"about":[{"href":"https:\/\/windroesli.ch\/wordp\/index.php?rest_route=\/wp\/v2\/types\/page"}],"author":[{"embeddable":true,"href":"https:\/\/windroesli.ch\/wordp\/index.php?rest_route=\/wp\/v2\/users\/3"}],"replies":[{"embeddable":true,"href":"https:\/\/windroesli.ch\/wordp\/index.php?rest_route=%2Fwp%2Fv2%2Fcomments&post=74"}],"version-history":[{"count":7,"href":"https:\/\/windroesli.ch\/wordp\/index.php?rest_route=\/wp\/v2\/pages\/74\/revisions"}],"predecessor-version":[{"id":1350,"href":"https:\/\/windroesli.ch\/wordp\/index.php?rest_route=\/wp\/v2\/pages\/74\/revisions\/1350"}],"wp:attachment":[{"href":"https:\/\/windroesli.ch\/wordp\/index.php?rest_route=%2Fwp%2Fv2%2Fmedia&parent=74"}],"curies":[{"name":"wp","href":"https:\/\/api.w.org\/{rel}","templated":true}]}}