{"id":76,"date":"2018-02-15T18:34:42","date_gmt":"2018-02-15T18:34:42","guid":{"rendered":"http:\/\/windroesli.ch\/wordp\/?page_id=76"},"modified":"2018-03-06T11:20:04","modified_gmt":"2018-03-06T10:20:04","slug":"pfadiheim-schwarzenburg","status":"publish","type":"page","link":"https:\/\/windroesli.ch\/wordp\/?page_id=76","title":{"rendered":"Pfadiheim Schwarzenburg"},"content":{"rendered":"<p><img loading=\"lazy\" decoding=\"async\" class=\"size-medium wp-image-225 alignleft\" src=\"http:\/\/windroesli.ch\/wordp\/wp-content\/uploads\/2018\/02\/20140910_185546-300x169.jpg\" alt=\"\" width=\"300\" height=\"169\" srcset=\"https:\/\/windroesli.ch\/wordp\/wp-content\/uploads\/2018\/02\/20140910_185546-300x169.jpg 300w, https:\/\/windroesli.ch\/wordp\/wp-content\/uploads\/2018\/02\/20140910_185546-768x432.jpg 768w, https:\/\/windroesli.ch\/wordp\/wp-content\/uploads\/2018\/02\/20140910_185546-1024x576.jpg 1024w\" sizes=\"auto, (max-width: 300px) 100vw, 300px\" \/><\/p>\n<p>Pfadiheim P\u00f6schen<br \/>\nFreiburgstrasse 98<br \/>\n3150 Schwarzenburg<\/p>\n<p>&nbsp;<\/p>\n<p>&nbsp;<\/p>\n<p>&nbsp;<\/p>\n<p class=\"MsoNormal\"><span lang=\"DE-CH\">Das 1996 erbaute Pfadiheim befindet sich in Schwarzenburg neben der Mehrzweckanlage P\u00f6schen und dem Fussballplatz in der N\u00e4he der Sense. Das Pfadiheim ist ein idealer Ort f\u00fcr die individuelle Gestaltung von Lagern, Festen, Jubil\u00e4en, Klassenzusammenk\u00fcnften und Vereinsanl\u00e4ssen. <\/span><\/p>\n<p class=\"MsoNormal\"><span lang=\"DE-CH\">Das Heim bietet Platz f\u00fcr 30 Personen in den Schlafr\u00e4umen oder 50 Personen im grossen Esssaal. <\/span><\/p>\n<p class=\"MsoNormal\"><span lang=\"DE-CH\">Mehr Infos findest du unter: <\/span><a href=\"https:\/\/pfadi-schwarzenburg.ch\/index.php?id=pfadiheim\">Heiminformationen<\/a><\/p>\n<p class=\"MsoNormal\" style=\"text-align: center;\"><span lang=\"DE-CH\">F\u00fcr Fragen und Reservationen steht dir die folgende Mailadresse zur Verf\u00fcgung:<\/span><\/p>\n<p class=\"MsoNormal\" style=\"text-align: center;\"><span lang=\"DE-CH\"><a href=\"mailto:pfadiheim@pfadi-schwarzenburg.ch\">pfadiheim@pfadi-schwarzenburg.ch<\/a><\/span><\/p>\n<p><!--EndFragment--><\/p>\n","protected":false},"excerpt":{"rendered":"<p>Pfadiheim P\u00f6schen Freiburgstrasse 98 3150 Schwarzenburg &nbsp; &nbsp; &nbsp; Das 1996 erbaute Pfadiheim befindet sich in Schwarzenburg neben der Mehrzweckanlage P\u00f6schen und dem Fussballplatz in der N\u00e4he der Sense. Das Pfadiheim ist ein idealer Ort f\u00fcr die individuelle Gestaltung von&hellip;&nbsp;<a href=\"https:\/\/windroesli.ch\/wordp\/?page_id=76\" class=\"more-link\">Weiter lesen<\/a><\/p>\n","protected":false},"author":3,"featured_media":0,"parent":0,"menu_order":0,"comment_status":"closed","ping_status":"closed","template":"","meta":{"footnotes":""},"class_list":["post-76","page","type-page","status-publish","hentry"],"_links":{"self":[{"href":"https:\/\/windroesli.ch\/wordp\/index.php?rest_route=\/wp\/v2\/pages\/76","targetHints":{"allow":["GET"]}}],"collection":[{"href":"https:\/\/windroesli.ch\/wordp\/index.php?rest_route=\/wp\/v2\/pages"}],"about":[{"href":"https:\/\/windroesli.ch\/wordp\/index.php?rest_route=\/wp\/v2\/types\/page"}],"author":[{"embeddable":true,"href":"https:\/\/windroesli.ch\/wordp\/index.php?rest_route=\/wp\/v2\/users\/3"}],"replies":[{"embeddable":true,"href":"https:\/\/windroesli.ch\/wordp\/index.php?rest_route=%2Fwp%2Fv2%2Fcomments&post=76"}],"version-history":[{"count":7,"href":"https:\/\/windroesli.ch\/wordp\/index.php?rest_route=\/wp\/v2\/pages\/76\/revisions"}],"predecessor-version":[{"id":668,"href":"https:\/\/windroesli.ch\/wordp\/index.php?rest_route=\/wp\/v2\/pages\/76\/revisions\/668"}],"wp:attachment":[{"href":"https:\/\/windroesli.ch\/wordp\/index.php?rest_route=%2Fwp%2Fv2%2Fmedia&parent=76"}],"curies":[{"name":"wp","href":"https:\/\/api.w.org\/{rel}","templated":true}]}}