{"id":761,"date":"2024-06-09T19:51:43","date_gmt":"2024-06-09T17:51:43","guid":{"rendered":"http:\/\/windroesli.ch\/?page_id=761"},"modified":"2024-06-09T19:51:43","modified_gmt":"2024-06-09T17:51:43","slug":"datenschutz","status":"publish","type":"page","link":"https:\/\/windroesli.ch\/wordp\/?page_id=761","title":{"rendered":"Datenschutz"},"content":{"rendered":"<p>Das Corps Windr\u00f6sli verweist f\u00fcr den Datenschutz auf die Datenschutzerkl\u00e4rung der Pfadi Schweiz.<\/p>\n<p class=\"font_8 wixui-rich-text__text\"><span class=\"wixGuard wixui-rich-text__text\">\u200b<\/span>Mehr Informationen unter:\u00a0<span class=\"color_23 wixui-rich-text__text\"><a class=\"wixui-rich-text__text\" href=\"https:\/\/pfadi.swiss\/de\/verband\/datenschutz\/dse\/\" target=\"_blank\" rel=\"noreferrer noopener\">pfadi.swiss\/de\/verband\/datenschutz\/dse\/<\/a><\/span><\/p>\n","protected":false},"excerpt":{"rendered":"<p>Das Corps Windr\u00f6sli verweist f\u00fcr den Datenschutz auf die Datenschutzerkl\u00e4rung der Pfadi Schweiz. \u200bMehr Informationen unter:\u00a0pfadi.swiss\/de\/verband\/datenschutz\/dse\/<\/p>\n","protected":false},"author":3,"featured_media":0,"parent":0,"menu_order":0,"comment_status":"closed","ping_status":"closed","template":"","meta":{"footnotes":""},"class_list":["post-761","page","type-page","status-publish","hentry"],"_links":{"self":[{"href":"https:\/\/windroesli.ch\/wordp\/index.php?rest_route=\/wp\/v2\/pages\/761","targetHints":{"allow":["GET"]}}],"collection":[{"href":"https:\/\/windroesli.ch\/wordp\/index.php?rest_route=\/wp\/v2\/pages"}],"about":[{"href":"https:\/\/windroesli.ch\/wordp\/index.php?rest_route=\/wp\/v2\/types\/page"}],"author":[{"embeddable":true,"href":"https:\/\/windroesli.ch\/wordp\/index.php?rest_route=\/wp\/v2\/users\/3"}],"replies":[{"embeddable":true,"href":"https:\/\/windroesli.ch\/wordp\/index.php?rest_route=%2Fwp%2Fv2%2Fcomments&post=761"}],"version-history":[{"count":2,"href":"https:\/\/windroesli.ch\/wordp\/index.php?rest_route=\/wp\/v2\/pages\/761\/revisions"}],"predecessor-version":[{"id":1493,"href":"https:\/\/windroesli.ch\/wordp\/index.php?rest_route=\/wp\/v2\/pages\/761\/revisions\/1493"}],"wp:attachment":[{"href":"https:\/\/windroesli.ch\/wordp\/index.php?rest_route=%2Fwp%2Fv2%2Fmedia&parent=761"}],"curies":[{"name":"wp","href":"https:\/\/api.w.org\/{rel}","templated":true}]}}