{"id":80,"date":"2018-02-15T18:35:44","date_gmt":"2018-02-15T18:35:44","guid":{"rendered":"http:\/\/windroesli.ch\/wordp\/?page_id=80"},"modified":"2022-10-31T13:27:54","modified_gmt":"2022-10-31T12:27:54","slug":"geschichte-der-pfadi","status":"publish","type":"page","link":"https:\/\/windroesli.ch\/wordp\/?page_id=80","title":{"rendered":"Geschichte der Pfadi"},"content":{"rendered":"<h1>Eine Jugendbewegung entsteht<\/h1>\n<p>Wie es in Grossbritannien durch Baden-Powell zur Gr\u00fcndung der &#8222;Boy Scouts&#8220; kam und kurz darauf die &#8222;Girl Guides&#8220; entstanden.<\/p>\n<p><img loading=\"lazy\" decoding=\"async\" class=\"alignleft wp-image-226 size-medium\" src=\"http:\/\/windroesli.ch\/wordp\/wp-content\/uploads\/2018\/02\/baden-powell-kopie-185x300.jpg\" alt=\"\" width=\"185\" height=\"300\" srcset=\"https:\/\/windroesli.ch\/wordp\/wp-content\/uploads\/2018\/02\/baden-powell-kopie-185x300.jpg 185w, https:\/\/windroesli.ch\/wordp\/wp-content\/uploads\/2018\/02\/baden-powell-kopie.jpg 232w\" sizes=\"auto, (max-width: 185px) 100vw, 185px\" \/>Die Pfadibewegung wurde 1907 vom Engl\u00e4nder Robert Baden-Powell gegr\u00fcndet, um Kindern und Jugendlichen eine sinnvolle Freizeitbesch\u00e4ftigung zu bieten. Um zu verstehen, welche Vorgeschichte diesem Ereignis zu Grunde liegt, lohnt es sich, einen kurzen Blick auf das Leben von Baden-Powell zu werfen:<\/p>\n<p>Als 19-J\u00e4hriger trat Robert-Stephenson Smyth Baden-Powell, so hiess er mit vollem Namen, in den Dienst der k\u00f6niglichen Armee ein, was ihn alsbald in die damals britische Kolonie Indien f\u00fchren sollte. Dort entwickelte Baden-Powell ein Konzept f\u00fcr das Auskundschaften unbekannter Gebiete und schon bald wurde er mit der Ausbildung von Sp\u00e4hern, sogenannten &#8222;Scouts&#8220;, beauftragt. Mehrere Male war Baden-Powell in der Folge in Afrika stationiert, wo er sich in seiner Freizeit mit grossem Interesse naturkundlichen Studien widmete. Auch die nat\u00fcrliche Lebensweise der Einheimischen und deren Wissen faszinierten ihn.<\/p>\n<p>Im Jahr 1900 wurde Baden-Powell in England zum Volkshelden, nachdem er die Stadt Mafeking mit zahlenm\u00e4ssig stark unterlegenen Truppen lange gegen die angreifenden Buren verteidigt hatte. Da nicht gen\u00fcgend Erwachsene zur Verteidigung der Stadt vorhanden waren, griff Baden-Powell auch auf die anwesenden Jugendlichen zur\u00fcck und teilte ihnen Aufgaben zu. So waren diese f\u00fcr den Informationsfluss zust\u00e4ndig, verteilten Post oder unternahmen Boteng\u00e4nge. Die Jugendlichen waren offenbar mit grossem Engagement bei der Sache und Baden-Powell gewann in dieser Zeit eine wichtige und neuartige Erkenntnis: Auch Jugendliche waren dazu bereit, Verantwortung zu \u00fcbernehmen. Und sie taten dies sogar gerne, wenn es von Erwachsenen anerkannt wurde.<\/p>\n<p>Aufgrund dieser Ereignisse und der grossen Bekanntheit von Baden-Powell vertieften sich viele englische Jugendliche in dessen kurz zuvor erschienenes Buch &#8222;Aids for scouting&#8220;. Baden-Powell reagierte darauf, indem er ein neues Buch namens &#8222;Scouting for Boys&#8220; schrieb, welches die Jugendlichen zum Erkunden ihrer Umgebung ermutigte. Eigentlich war die Lekt\u00fcre als Sammlung von Anregungen f\u00fcr bestehende Jugendgruppen gedacht. Doch schon bald zeigte sich, dass mit den &#8222;Boy Scouts&#8220; eine neue Jugendbewegung entstehen sollte. 1907 war es soweit: Baden-Powell f\u00fchrte ein erstes Lager mit 22 Jugendlichen durch.<\/p>\n<p>Die Pfadfinderidee verbreitete sich mit grosser Geschwindigkeit auch bei M\u00e4dchen. Baden-Powell und seine Schwester Agnes verfassten in Anbetracht des grossen Interesses von M\u00e4dchen und jungen Frauen gemeinsam ein Handbuch f\u00fcr M\u00e4dchen-Scouts, sogenannte &#8222;Girl Guides&#8220;. Agnes \u00fcbernahm die Leitung der &#8222;Girl Guides&#8220;, welche sie sp\u00e4ter an Olave Baden-Powell, die Gattin ihres Bruders, weitergab. Schnell wuchsen die Pfadfinder*innen zur gr\u00f6ssten Jugendorganisation Grossbritanniens, und der Pfadigedanke wurde in die Welt getragen. Heute ist die Pfadi eine weltweite Bewegung mit rund 43 Millionen Mitgliedern.<\/p>\n<p>Quelle: <a href=\"https:\/\/www.scout.ch\/de\/das-ist-pfadi\/geschichte\/gruendung-der-pfadi\">PBS<\/a><\/p>\n","protected":false},"excerpt":{"rendered":"<p>Eine Jugendbewegung entsteht Wie es in Grossbritannien durch Baden-Powell zur Gr\u00fcndung der &#8222;Boy Scouts&#8220; kam und kurz darauf die &#8222;Girl Guides&#8220; entstanden. Die Pfadibewegung wurde 1907 vom Engl\u00e4nder Robert Baden-Powell gegr\u00fcndet, um Kindern und Jugendlichen eine sinnvolle Freizeitbesch\u00e4ftigung zu bieten.&hellip;&nbsp;<a href=\"https:\/\/windroesli.ch\/wordp\/?page_id=80\" class=\"more-link\">Weiter lesen<\/a><\/p>\n","protected":false},"author":3,"featured_media":0,"parent":0,"menu_order":0,"comment_status":"closed","ping_status":"closed","template":"","meta":{"footnotes":""},"class_list":["post-80","page","type-page","status-publish","hentry"],"_links":{"self":[{"href":"https:\/\/windroesli.ch\/wordp\/index.php?rest_route=\/wp\/v2\/pages\/80","targetHints":{"allow":["GET"]}}],"collection":[{"href":"https:\/\/windroesli.ch\/wordp\/index.php?rest_route=\/wp\/v2\/pages"}],"about":[{"href":"https:\/\/windroesli.ch\/wordp\/index.php?rest_route=\/wp\/v2\/types\/page"}],"author":[{"embeddable":true,"href":"https:\/\/windroesli.ch\/wordp\/index.php?rest_route=\/wp\/v2\/users\/3"}],"replies":[{"embeddable":true,"href":"https:\/\/windroesli.ch\/wordp\/index.php?rest_route=%2Fwp%2Fv2%2Fcomments&post=80"}],"version-history":[{"count":4,"href":"https:\/\/windroesli.ch\/wordp\/index.php?rest_route=\/wp\/v2\/pages\/80\/revisions"}],"predecessor-version":[{"id":1341,"href":"https:\/\/windroesli.ch\/wordp\/index.php?rest_route=\/wp\/v2\/pages\/80\/revisions\/1341"}],"wp:attachment":[{"href":"https:\/\/windroesli.ch\/wordp\/index.php?rest_route=%2Fwp%2Fv2%2Fmedia&parent=80"}],"curies":[{"name":"wp","href":"https:\/\/api.w.org\/{rel}","templated":true}]}}