{"id":89,"date":"2018-02-15T18:38:02","date_gmt":"2018-02-15T18:38:02","guid":{"rendered":"http:\/\/windroesli.ch\/wordp\/?page_id=89"},"modified":"2020-03-18T15:02:30","modified_gmt":"2020-03-18T14:02:30","slug":"ueber-uns","status":"publish","type":"page","link":"https:\/\/windroesli.ch\/wordp\/?page_id=89","title":{"rendered":"Corps Windr\u00f6sli"},"content":{"rendered":"<p><img loading=\"lazy\" decoding=\"async\" class=\"alignnone wp-image-229 size-large\" src=\"http:\/\/windroesli.ch\/wordp\/wp-content\/uploads\/2018\/02\/gruppenfoto-1024x387.jpg\" alt=\"\" width=\"525\" height=\"198\" srcset=\"https:\/\/windroesli.ch\/wordp\/wp-content\/uploads\/2018\/02\/gruppenfoto-1024x387.jpg 1024w, https:\/\/windroesli.ch\/wordp\/wp-content\/uploads\/2018\/02\/gruppenfoto-300x114.jpg 300w, https:\/\/windroesli.ch\/wordp\/wp-content\/uploads\/2018\/02\/gruppenfoto-768x291.jpg 768w\" sizes=\"auto, (max-width: 525px) 100vw, 525px\" \/><\/p>\n<p>Das Pfadicorps Windr\u00f6sli umfasst vier Abteilungen im Raum Bern. Diese gestalten ihre Pfadiaktivit\u00e4ten selbstst\u00e4ndig. Die Abteilungen Frisco Zollikofen, SMB im Berner Nordquartier, St. Josef K\u00f6niz\u00a0und Schwarzenburg bieten Kindern und Jugendlichen spannende Freizeitaktivit\u00e4ten an. Zweimal im Jahr finden gemeinsame Anl\u00e4sse statt: der Windr\u00f6sli-Plauschtag und das Windr\u00f6sli-Weekend. An beiden Anl\u00e4ssen erleben die Teilnehmenden der vier Abteilungen spannende Abenteuer und k\u00f6nnen sich mit den Kindern aus den anderen\u00a0Abteilungen austauschen und neue Freundschaften kn\u00fcpfen. Das Windr\u00f6sli- Weekend findet traditionsgem\u00e4ss im Pfadiheim Rebacher statt.<\/p>\n<p>Das Pfadicorps Windr\u00f6sli ist Mitglied des Kantonalverbands Pfadi Kanton Bern (PKB), der Pfadibewegung Schweiz (PBS) und dem Verband Katholischer Pfadfinder (VKP).<\/p>\n","protected":false},"excerpt":{"rendered":"<p>Das Pfadicorps Windr\u00f6sli umfasst vier Abteilungen im Raum Bern. Diese gestalten ihre Pfadiaktivit\u00e4ten selbstst\u00e4ndig. Die Abteilungen Frisco Zollikofen, SMB im Berner Nordquartier, St. Josef K\u00f6niz\u00a0und Schwarzenburg bieten Kindern und Jugendlichen spannende Freizeitaktivit\u00e4ten an. Zweimal im Jahr finden gemeinsame Anl\u00e4sse statt:&hellip;&nbsp;<a href=\"https:\/\/windroesli.ch\/wordp\/?page_id=89\" class=\"more-link\">Weiter lesen<\/a><\/p>\n","protected":false},"author":3,"featured_media":0,"parent":0,"menu_order":0,"comment_status":"closed","ping_status":"closed","template":"","meta":{"footnotes":""},"class_list":["post-89","page","type-page","status-publish","hentry"],"_links":{"self":[{"href":"https:\/\/windroesli.ch\/wordp\/index.php?rest_route=\/wp\/v2\/pages\/89","targetHints":{"allow":["GET"]}}],"collection":[{"href":"https:\/\/windroesli.ch\/wordp\/index.php?rest_route=\/wp\/v2\/pages"}],"about":[{"href":"https:\/\/windroesli.ch\/wordp\/index.php?rest_route=\/wp\/v2\/types\/page"}],"author":[{"embeddable":true,"href":"https:\/\/windroesli.ch\/wordp\/index.php?rest_route=\/wp\/v2\/users\/3"}],"replies":[{"embeddable":true,"href":"https:\/\/windroesli.ch\/wordp\/index.php?rest_route=%2Fwp%2Fv2%2Fcomments&post=89"}],"version-history":[{"count":6,"href":"https:\/\/windroesli.ch\/wordp\/index.php?rest_route=\/wp\/v2\/pages\/89\/revisions"}],"predecessor-version":[{"id":634,"href":"https:\/\/windroesli.ch\/wordp\/index.php?rest_route=\/wp\/v2\/pages\/89\/revisions\/634"}],"wp:attachment":[{"href":"https:\/\/windroesli.ch\/wordp\/index.php?rest_route=%2Fwp%2Fv2%2Fmedia&parent=89"}],"curies":[{"name":"wp","href":"https:\/\/api.w.org\/{rel}","templated":true}]}}