{"id":91,"date":"2018-02-15T19:00:27","date_gmt":"2018-02-15T19:00:27","guid":{"rendered":"http:\/\/windroesli.ch\/wordp\/?page_id=91"},"modified":"2022-10-31T13:39:34","modified_gmt":"2022-10-31T12:39:34","slug":"treu-2","status":"publish","type":"page","link":"https:\/\/windroesli.ch\/wordp\/?page_id=91","title":{"rendered":"TREU"},"content":{"rendered":"<h1><strong><span style=\"font-size: 14pt;\">Die Mitgliederzeitschrift<\/span><\/strong><\/h1>\n<p>Die Mitgliederzeitschrift TREU erscheint viermal j\u00e4hrlich und wird an alle aktiven Mitglieder der Pfadi Windr\u00f6sli sowie an den Altpfader*innenverein (APV) verschickt. Die Abteilungen sowie der APV haben die M\u00f6glichkeit, im Treu Berichte zu publizieren. Finanziert wird das Treu durch die Mitgliederbeitr\u00e4ge der Aktiven, der APV-Mitglieder sowie durch Inserate.<\/p>\n<p>F\u00fcr eine Adress\u00e4nderung bitte eine E-Mail ans Sekretariat\u00a0senden: <a href=\"http:\/\/windroesli.ch\/?page_id=52\">Adresse \u00e4ndern<\/a><\/p>\n","protected":false},"excerpt":{"rendered":"<p>Die Mitgliederzeitschrift Die Mitgliederzeitschrift TREU erscheint viermal j\u00e4hrlich und wird an alle aktiven Mitglieder der Pfadi Windr\u00f6sli sowie an den Altpfader*innenverein (APV) verschickt. Die Abteilungen sowie der APV haben die M\u00f6glichkeit, im Treu Berichte zu publizieren. Finanziert wird das Treu&hellip;&nbsp;<a href=\"https:\/\/windroesli.ch\/wordp\/?page_id=91\" class=\"more-link\">Weiter lesen<\/a><\/p>\n","protected":false},"author":3,"featured_media":0,"parent":0,"menu_order":0,"comment_status":"closed","ping_status":"closed","template":"","meta":{"footnotes":""},"class_list":["post-91","page","type-page","status-publish","hentry"],"_links":{"self":[{"href":"https:\/\/windroesli.ch\/wordp\/index.php?rest_route=\/wp\/v2\/pages\/91","targetHints":{"allow":["GET"]}}],"collection":[{"href":"https:\/\/windroesli.ch\/wordp\/index.php?rest_route=\/wp\/v2\/pages"}],"about":[{"href":"https:\/\/windroesli.ch\/wordp\/index.php?rest_route=\/wp\/v2\/types\/page"}],"author":[{"embeddable":true,"href":"https:\/\/windroesli.ch\/wordp\/index.php?rest_route=\/wp\/v2\/users\/3"}],"replies":[{"embeddable":true,"href":"https:\/\/windroesli.ch\/wordp\/index.php?rest_route=%2Fwp%2Fv2%2Fcomments&post=91"}],"version-history":[{"count":4,"href":"https:\/\/windroesli.ch\/wordp\/index.php?rest_route=\/wp\/v2\/pages\/91\/revisions"}],"predecessor-version":[{"id":1355,"href":"https:\/\/windroesli.ch\/wordp\/index.php?rest_route=\/wp\/v2\/pages\/91\/revisions\/1355"}],"wp:attachment":[{"href":"https:\/\/windroesli.ch\/wordp\/index.php?rest_route=%2Fwp%2Fv2%2Fmedia&parent=91"}],"curies":[{"name":"wp","href":"https:\/\/api.w.org\/{rel}","templated":true}]}}